{"id":2537,"date":"2021-08-31T09:04:43","date_gmt":"2021-08-31T14:04:43","guid":{"rendered":"https:\/\/rygsac.com\/?post_type=product&#038;p=2537"},"modified":"2024-07-27T15:33:59","modified_gmt":"2024-07-27T15:33:59","slug":"guantes-de-polietileno-healthpro","status":"publish","type":"product","link":"https:\/\/rygsac.com\/en\/product\/guantes-de-polietileno-healthpro\/","title":{"rendered":"Guantes de Polietileno HealthPro &#8211; Caj\u00f3n x 60 displays"},"content":{"rendered":"<p>Guante biodegradables de polietileno de un solo uso, no est\u00e9riles, ambidiestros, sin polvo, superficie gofrada (texturizado), no presenta orillo en el borde, usados para minimizar el riesgo de transferencias de agentes contaminantes. Son ergon\u00f3micos, c\u00f3modos y de f\u00e1cil uso, su adecuado espesor permite una alta sensibilidad al usarlos.<\/p>\n","protected":false},"excerpt":{"rendered":"<p>Guantes de un solo uso<\/p>\n<p><strong>Funciones espec\u00edficas<\/strong><\/p>\n<ul>\n<li>Tecnolog\u00eda d2w (BIODEGRADABLE)<\/li>\n<li>Erg\u00f3nomicos y c\u00f3modos<\/li>\n<li>Alta sensibilidad al usarlos<\/li>\n<\/ul>\n<p>&nbsp;<\/p>\n","protected":false},"featured_media":4239,"template":"","meta":[],"product_cat":[738],"product_tag":[],"_links":{"self":[{"href":"https:\/\/rygsac.com\/en\/wp-json\/wp\/v2\/product\/2537"}],"collection":[{"href":"https:\/\/rygsac.com\/en\/wp-json\/wp\/v2\/product"}],"about":[{"href":"https:\/\/rygsac.com\/en\/wp-json\/wp\/v2\/types\/product"}],"version-history":[{"count":6,"href":"https:\/\/rygsac.com\/en\/wp-json\/wp\/v2\/product\/2537\/revisions"}],"predecessor-version":[{"id":8807,"href":"https:\/\/rygsac.com\/en\/wp-json\/wp\/v2\/product\/2537\/revisions\/8807"}],"wp:featuredmedia":[{"embeddable":true,"href":"https:\/\/rygsac.com\/en\/wp-json\/wp\/v2\/media\/4239"}],"wp:attachment":[{"href":"https:\/\/rygsac.com\/en\/wp-json\/wp\/v2\/media?parent=2537"}],"wp:term":[{"taxonomy":"product_cat","embeddable":true,"href":"https:\/\/rygsac.com\/en\/wp-json\/wp\/v2\/product_cat?post=2537"},{"taxonomy":"product_tag","embeddable":true,"href":"https:\/\/rygsac.com\/en\/wp-json\/wp\/v2\/product_tag?post=2537"}],"curies":[{"name":"wp","href":"https:\/\/api.w.org\/{rel}","templated":true}]}}