{"id":2542,"date":"2021-03-24T13:11:06","date_gmt":"2021-03-24T18:11:06","guid":{"rendered":"https:\/\/rygsac.com\/?post_type=product&#038;p=2542"},"modified":"2024-07-27T15:34:01","modified_gmt":"2024-07-27T15:34:01","slug":"traje-de-proteccion-corporal-impermeable-sin-zapatos","status":"publish","type":"product","link":"https:\/\/rygsac.com\/en\/product\/traje-de-proteccion-corporal-impermeable-sin-zapatos\/","title":{"rendered":"Traje de Protecci\u00f3n Corporal Impermeable Sin Zapatos &#8211; Caj\u00f3n x 30 unidades"},"content":{"rendered":"<p>Traje de protecci\u00f3n corporal tipo mameluco impermeable con capucha, uniones cosidas, con cierre de cremallera frontal, solapa sobre la cremallera para mayor protecci\u00f3n, el\u00e1sticos en las mu\u00f1ecas, capucha, zapatos y tobillo para un mejor ajuste y protecci\u00f3n.<\/p>\n","protected":false},"excerpt":{"rendered":"<p>Con tecnolog\u00eda SFL (Spunbond Film Laminated)<\/p>\n<p><strong>Funciones espec\u00edficas<\/strong><\/p>\n<ul>\n<li>Con capucha y uniones cosidad<\/li>\n<li>Cierre de cremallera frontal<\/li>\n<li>El\u00e1sticos en las mu\u00f1ecas, cintura y tobillos<\/li>\n<li>Buena regulaci\u00f3n de temperatura<\/li>\n<\/ul>\n<p>&nbsp;<\/p>\n","protected":false},"featured_media":4380,"template":"","meta":[],"product_cat":[738],"product_tag":[],"_links":{"self":[{"href":"https:\/\/rygsac.com\/en\/wp-json\/wp\/v2\/product\/2542"}],"collection":[{"href":"https:\/\/rygsac.com\/en\/wp-json\/wp\/v2\/product"}],"about":[{"href":"https:\/\/rygsac.com\/en\/wp-json\/wp\/v2\/types\/product"}],"version-history":[{"count":6,"href":"https:\/\/rygsac.com\/en\/wp-json\/wp\/v2\/product\/2542\/revisions"}],"predecessor-version":[{"id":8578,"href":"https:\/\/rygsac.com\/en\/wp-json\/wp\/v2\/product\/2542\/revisions\/8578"}],"wp:featuredmedia":[{"embeddable":true,"href":"https:\/\/rygsac.com\/en\/wp-json\/wp\/v2\/media\/4380"}],"wp:attachment":[{"href":"https:\/\/rygsac.com\/en\/wp-json\/wp\/v2\/media?parent=2542"}],"wp:term":[{"taxonomy":"product_cat","embeddable":true,"href":"https:\/\/rygsac.com\/en\/wp-json\/wp\/v2\/product_cat?post=2542"},{"taxonomy":"product_tag","embeddable":true,"href":"https:\/\/rygsac.com\/en\/wp-json\/wp\/v2\/product_tag?post=2542"}],"curies":[{"name":"wp","href":"https:\/\/api.w.org\/{rel}","templated":true}]}}