{"id":3909,"date":"2022-04-27T08:57:17","date_gmt":"2022-04-27T13:57:17","guid":{"rendered":"https:\/\/rygsac.com\/?post_type=product&#038;p=3909"},"modified":"2024-07-27T15:33:59","modified_gmt":"2024-07-27T15:33:59","slug":"respirador-kn95","status":"publish","type":"product","link":"https:\/\/rygsac.com\/en\/product\/respirador-kn95\/","title":{"rendered":"Respirador KN95 &#8211; Caj\u00f3n x 60 displays"},"content":{"rendered":"<p>Respirador KN95, fabricado con tres capas de tela hipoalerg\u00e9nicas, y dos filtros que poseen una Eficiencia a la Filtraci\u00f3n Bacteriana mayor a 98 %, con el\u00e1sticos de sujeci\u00f3n en las orejas (blanco, amarillo o plomo) garantizando una eficiencia en la moldura nasal que proporciona comodidad; su dise\u00f1o Tipo C protecci\u00f3n, cuenta con un perfecto ajuste y es anat\u00f3mico, brinda comodidad y no dificulta la respiraci\u00f3n normal, facilitando el uso de anteojos.<\/p>\n","protected":false},"excerpt":{"rendered":"<p><strong>Funciones espec\u00edficas<\/strong><\/p>\n<ul>\n<li>Fusi\u00f3n de telas con sellado de ultrasonido<\/li>\n<\/ul>\n<ul>\n<li>Moldura nasal met\u00e1lica con recubrimiento de pl\u00e1stico<\/li>\n<\/ul>\n<ul>\n<li>Con el\u00e1sticos de sujeci\u00f3n en las orejas<\/li>\n<\/ul>\n<ul>\n<li>Alta eficiencia de Filtraci\u00f3n bacteriana<\/li>\n<\/ul>\n","protected":false},"featured_media":4341,"template":"","meta":[],"product_cat":[738],"product_tag":[],"_links":{"self":[{"href":"https:\/\/rygsac.com\/en\/wp-json\/wp\/v2\/product\/3909"}],"collection":[{"href":"https:\/\/rygsac.com\/en\/wp-json\/wp\/v2\/product"}],"about":[{"href":"https:\/\/rygsac.com\/en\/wp-json\/wp\/v2\/types\/product"}],"version-history":[{"count":7,"href":"https:\/\/rygsac.com\/en\/wp-json\/wp\/v2\/product\/3909\/revisions"}],"predecessor-version":[{"id":8740,"href":"https:\/\/rygsac.com\/en\/wp-json\/wp\/v2\/product\/3909\/revisions\/8740"}],"wp:featuredmedia":[{"embeddable":true,"href":"https:\/\/rygsac.com\/en\/wp-json\/wp\/v2\/media\/4341"}],"wp:attachment":[{"href":"https:\/\/rygsac.com\/en\/wp-json\/wp\/v2\/media?parent=3909"}],"wp:term":[{"taxonomy":"product_cat","embeddable":true,"href":"https:\/\/rygsac.com\/en\/wp-json\/wp\/v2\/product_cat?post=3909"},{"taxonomy":"product_tag","embeddable":true,"href":"https:\/\/rygsac.com\/en\/wp-json\/wp\/v2\/product_tag?post=3909"}],"curies":[{"name":"wp","href":"https:\/\/api.w.org\/{rel}","templated":true}]}}