{"id":3971,"date":"2022-06-06T07:35:56","date_gmt":"2022-06-06T12:35:56","guid":{"rendered":"https:\/\/rygsac.com\/?post_type=product&#038;p=3971"},"modified":"2024-07-27T15:33:59","modified_gmt":"2024-07-27T15:33:59","slug":"panos-desinfectantes-rg-healthpro","status":"publish","type":"product","link":"https:\/\/rygsac.com\/en\/product\/panos-desinfectantes-rg-healthpro\/","title":{"rendered":"Pa\u00f1os Desinfectantes R&amp;G HealthPro &#8211; Paquete x 8 unidades"},"content":{"rendered":"<p>Pa\u00f1os desinfectantes HEALTHPRO es un producto desinfectante de superficies de un solo uso. Ideal para la sanitizaci\u00f3n de superficies inertes, reduce el riesgo de transmisi\u00f3n de enfermedades, elimina el 99.999% de bacterias*. Contiene ingredientes activos de comprobada actividad virucida y antibacteriana, que aseguran el m\u00e1ximo beneficio en desinfecci\u00f3n y cuidado de la salud.<\/p>\n","protected":false},"excerpt":{"rendered":"<p><strong>Funciones espec\u00edficas<\/strong><\/p>\n<ul>\n<li>Adecuados para desinfectar todo tipo de superficies<\/li>\n<li>Elimina virus y bacteria<\/li>\n<li>No inflamable, no c\u00e1ustico<\/li>\n<\/ul>\n","protected":false},"featured_media":4357,"template":"","meta":[],"product_cat":[738],"product_tag":[],"_links":{"self":[{"href":"https:\/\/rygsac.com\/en\/wp-json\/wp\/v2\/product\/3971"}],"collection":[{"href":"https:\/\/rygsac.com\/en\/wp-json\/wp\/v2\/product"}],"about":[{"href":"https:\/\/rygsac.com\/en\/wp-json\/wp\/v2\/types\/product"}],"version-history":[{"count":8,"href":"https:\/\/rygsac.com\/en\/wp-json\/wp\/v2\/product\/3971\/revisions"}],"predecessor-version":[{"id":8568,"href":"https:\/\/rygsac.com\/en\/wp-json\/wp\/v2\/product\/3971\/revisions\/8568"}],"wp:featuredmedia":[{"embeddable":true,"href":"https:\/\/rygsac.com\/en\/wp-json\/wp\/v2\/media\/4357"}],"wp:attachment":[{"href":"https:\/\/rygsac.com\/en\/wp-json\/wp\/v2\/media?parent=3971"}],"wp:term":[{"taxonomy":"product_cat","embeddable":true,"href":"https:\/\/rygsac.com\/en\/wp-json\/wp\/v2\/product_cat?post=3971"},{"taxonomy":"product_tag","embeddable":true,"href":"https:\/\/rygsac.com\/en\/wp-json\/wp\/v2\/product_tag?post=3971"}],"curies":[{"name":"wp","href":"https:\/\/api.w.org\/{rel}","templated":true}]}}