{"id":8309,"date":"2023-11-16T17:10:37","date_gmt":"2023-11-16T22:10:37","guid":{"rendered":"https:\/\/rygsac.com\/?post_type=product&#038;p=8309"},"modified":"2024-07-27T15:33:57","modified_gmt":"2024-07-27T15:33:57","slug":"gorro-de-cirujano-sms","status":"publish","type":"product","link":"https:\/\/rygsac.com\/en\/product\/gorro-de-cirujano-sms\/","title":{"rendered":"Gorro de cirujano SMS &#8211; Caj\u00f3n x 10 bolsas"},"content":{"rendered":"<p>El gorro descartable es elaborado en tela no tejida de polipropileno SMS, no desprende pelusas. El gorro es antiest\u00e1tico, as\u00e9ptico, resistente a la tensi\u00f3n, no se desgarra durante su uso por tanto es resistente al desgarro y ruptura, es permeabilidad al aire y no es inflamable. Posee 2 amarres en la parte posterior. No produce irritaci\u00f3n ni sensibilizaci\u00f3n cut\u00e1nea. Cubre totalmente el cabello, es adaptable a todo tama\u00f1o de cr\u00e1neo.<\/p>\n","protected":false},"excerpt":{"rendered":"<p>Su dise\u00f1o impide la transferencia de agentes contaminantes<\/p>\n<p><strong>Funciones espec\u00edficas<\/strong><\/p>\n<ul>\n<li>Gorro antiest\u00e1tico<\/li>\n<li>Resistente al desgarro<\/li>\n<li>No es inflamable<\/li>\n<\/ul>\n<p>&nbsp;<\/p>\n","protected":false},"featured_media":8310,"template":"","meta":[],"product_cat":[738],"product_tag":[],"_links":{"self":[{"href":"https:\/\/rygsac.com\/en\/wp-json\/wp\/v2\/product\/8309"}],"collection":[{"href":"https:\/\/rygsac.com\/en\/wp-json\/wp\/v2\/product"}],"about":[{"href":"https:\/\/rygsac.com\/en\/wp-json\/wp\/v2\/types\/product"}],"version-history":[{"count":3,"href":"https:\/\/rygsac.com\/en\/wp-json\/wp\/v2\/product\/8309\/revisions"}],"predecessor-version":[{"id":8519,"href":"https:\/\/rygsac.com\/en\/wp-json\/wp\/v2\/product\/8309\/revisions\/8519"}],"wp:featuredmedia":[{"embeddable":true,"href":"https:\/\/rygsac.com\/en\/wp-json\/wp\/v2\/media\/8310"}],"wp:attachment":[{"href":"https:\/\/rygsac.com\/en\/wp-json\/wp\/v2\/media?parent=8309"}],"wp:term":[{"taxonomy":"product_cat","embeddable":true,"href":"https:\/\/rygsac.com\/en\/wp-json\/wp\/v2\/product_cat?post=8309"},{"taxonomy":"product_tag","embeddable":true,"href":"https:\/\/rygsac.com\/en\/wp-json\/wp\/v2\/product_tag?post=8309"}],"curies":[{"name":"wp","href":"https:\/\/api.w.org\/{rel}","templated":true}]}}