{"id":8480,"date":"2023-11-20T11:23:10","date_gmt":"2023-11-20T16:23:10","guid":{"rendered":"https:\/\/rygsac.com\/?post_type=product&#038;p=8480"},"modified":"2024-07-27T15:33:57","modified_gmt":"2024-07-27T15:33:57","slug":"pantalon-de-pvc-termosellado-paquete-x-5-bolsas","status":"publish","type":"product","link":"https:\/\/rygsac.com\/en\/product\/pantalon-de-pvc-termosellado-paquete-x-5-bolsas\/","title":{"rendered":"Pantal\u00f3n de PVC Termosellado paquete x 5 bolsas"},"content":{"rendered":"<p>Pantal\u00f3n de PVC, costuras termoselladas con alta frecuencia, con broches en las zonas laterales, elaborado con tejido de poli\u00e9ster recubierto con PVC<\/p>\n","protected":false},"excerpt":{"rendered":"<p><strong>Funciones espec\u00edficas<\/strong><\/p>\n<ul>\n<li>Con superficie impermeable.<\/li>\n<li>Resistente y reutilizable.<\/li>\n<li>C\u00f3modo y de textura suave y lisa.<\/li>\n<li>Elaborado con material duradero y de f\u00e1cil limpieza.<\/li>\n<\/ul>\n<p>&nbsp;<\/p>\n","protected":false},"featured_media":8424,"template":"","meta":[],"product_cat":[738],"product_tag":[],"_links":{"self":[{"href":"https:\/\/rygsac.com\/en\/wp-json\/wp\/v2\/product\/8480"}],"collection":[{"href":"https:\/\/rygsac.com\/en\/wp-json\/wp\/v2\/product"}],"about":[{"href":"https:\/\/rygsac.com\/en\/wp-json\/wp\/v2\/types\/product"}],"version-history":[{"count":2,"href":"https:\/\/rygsac.com\/en\/wp-json\/wp\/v2\/product\/8480\/revisions"}],"predecessor-version":[{"id":8484,"href":"https:\/\/rygsac.com\/en\/wp-json\/wp\/v2\/product\/8480\/revisions\/8484"}],"wp:featuredmedia":[{"embeddable":true,"href":"https:\/\/rygsac.com\/en\/wp-json\/wp\/v2\/media\/8424"}],"wp:attachment":[{"href":"https:\/\/rygsac.com\/en\/wp-json\/wp\/v2\/media?parent=8480"}],"wp:term":[{"taxonomy":"product_cat","embeddable":true,"href":"https:\/\/rygsac.com\/en\/wp-json\/wp\/v2\/product_cat?post=8480"},{"taxonomy":"product_tag","embeddable":true,"href":"https:\/\/rygsac.com\/en\/wp-json\/wp\/v2\/product_tag?post=8480"}],"curies":[{"name":"wp","href":"https:\/\/api.w.org\/{rel}","templated":true}]}}