{"id":8494,"date":"2023-11-20T13:09:35","date_gmt":"2023-11-20T18:09:35","guid":{"rendered":"https:\/\/rygsac.com\/?post_type=product&#038;p=8494"},"modified":"2024-07-27T15:33:57","modified_gmt":"2024-07-27T15:33:57","slug":"campo-quirurgico-sms-40-con-cinta-cajon-x-200-unidades","status":"publish","type":"product","link":"https:\/\/rygsac.com\/en\/product\/campo-quirurgico-sms-40-con-cinta-cajon-x-200-unidades\/","title":{"rendered":"Campo quir\u00fargico  SMS 40 con cinta &#8211; Caj\u00f3n x 200 unidades"},"content":{"rendered":"<p>Campo quir\u00fargico de tela no tejida SMS con cinta adhesiva, de distintas dimensiones, liviano, fresco, libre de pelusa, resistente a la ruptura, y conocido tambi\u00e9n como campo m\u00e9dico.<\/p>\n","protected":false},"excerpt":{"rendered":"<p><strong>Funciones espec\u00edficas<\/strong><\/p>\n<ul>\n<li>Con adhesi\u00f3n confiable<\/li>\n<li>Superficie antimicrobiana est\u00e9ril.<\/li>\n<li>Impermeable: impide el paso de l\u00edquidos<\/li>\n<\/ul>\n<p>&nbsp;<\/p>\n","protected":false},"featured_media":8355,"template":"","meta":[],"product_cat":[738],"product_tag":[],"_links":{"self":[{"href":"https:\/\/rygsac.com\/en\/wp-json\/wp\/v2\/product\/8494"}],"collection":[{"href":"https:\/\/rygsac.com\/en\/wp-json\/wp\/v2\/product"}],"about":[{"href":"https:\/\/rygsac.com\/en\/wp-json\/wp\/v2\/types\/product"}],"version-history":[{"count":1,"href":"https:\/\/rygsac.com\/en\/wp-json\/wp\/v2\/product\/8494\/revisions"}],"predecessor-version":[{"id":8498,"href":"https:\/\/rygsac.com\/en\/wp-json\/wp\/v2\/product\/8494\/revisions\/8498"}],"wp:featuredmedia":[{"embeddable":true,"href":"https:\/\/rygsac.com\/en\/wp-json\/wp\/v2\/media\/8355"}],"wp:attachment":[{"href":"https:\/\/rygsac.com\/en\/wp-json\/wp\/v2\/media?parent=8494"}],"wp:term":[{"taxonomy":"product_cat","embeddable":true,"href":"https:\/\/rygsac.com\/en\/wp-json\/wp\/v2\/product_cat?post=8494"},{"taxonomy":"product_tag","embeddable":true,"href":"https:\/\/rygsac.com\/en\/wp-json\/wp\/v2\/product_tag?post=8494"}],"curies":[{"name":"wp","href":"https:\/\/api.w.org\/{rel}","templated":true}]}}