{"id":8506,"date":"2023-11-20T13:21:47","date_gmt":"2023-11-20T18:21:47","guid":{"rendered":"https:\/\/rygsac.com\/?post_type=product&#038;p=8506"},"modified":"2024-07-27T15:33:56","modified_gmt":"2024-07-27T15:33:56","slug":"respirador-kn95-para-ninos-cajon-x-60-displays","status":"publish","type":"product","link":"https:\/\/rygsac.com\/en\/product\/respirador-kn95-para-ninos-cajon-x-60-displays\/","title":{"rendered":"Respirador KN95 para Ni\u00f1os &#8211; Caj\u00f3n x 60 displays"},"content":{"rendered":"<p>Respirador KN95 para ni\u00f1os posee\u00a0una Eficiencia a la Filtraci\u00f3n de part\u00edculas mayor a 98 %,\u00a0garantizando una eficiencia en la protecci\u00f3n, cuenta con moldura nasal que proporciona un perfecto ajuste y comodidad; su dise\u00f1o Tipo C es anat\u00f3mico, brinda comodidad y no dificulta la respiraci\u00f3n normal, facilitando el uso de anteojos.<\/p>\n","protected":false},"excerpt":{"rendered":"<p><strong>Funciones espec\u00edficas<\/strong><\/p>\n<ul>\n<li>Fusi\u00f3n de telas con sellado de ultrasonido<\/li>\n<li>Moldura nasal met\u00e1lica con recubrimiento de pl\u00e1stico<\/li>\n<li>Con el\u00e1sticos de sujeci\u00f3n en las orejas<\/li>\n<li>Alta eficiencia de Filtraci\u00f3n de part\u00edculas<\/li>\n<\/ul>\n","protected":false},"featured_media":8145,"template":"","meta":[],"product_cat":[738],"product_tag":[],"_links":{"self":[{"href":"https:\/\/rygsac.com\/en\/wp-json\/wp\/v2\/product\/8506"}],"collection":[{"href":"https:\/\/rygsac.com\/en\/wp-json\/wp\/v2\/product"}],"about":[{"href":"https:\/\/rygsac.com\/en\/wp-json\/wp\/v2\/types\/product"}],"version-history":[{"count":1,"href":"https:\/\/rygsac.com\/en\/wp-json\/wp\/v2\/product\/8506\/revisions"}],"predecessor-version":[{"id":8515,"href":"https:\/\/rygsac.com\/en\/wp-json\/wp\/v2\/product\/8506\/revisions\/8515"}],"wp:featuredmedia":[{"embeddable":true,"href":"https:\/\/rygsac.com\/en\/wp-json\/wp\/v2\/media\/8145"}],"wp:attachment":[{"href":"https:\/\/rygsac.com\/en\/wp-json\/wp\/v2\/media?parent=8506"}],"wp:term":[{"taxonomy":"product_cat","embeddable":true,"href":"https:\/\/rygsac.com\/en\/wp-json\/wp\/v2\/product_cat?post=8506"},{"taxonomy":"product_tag","embeddable":true,"href":"https:\/\/rygsac.com\/en\/wp-json\/wp\/v2\/product_tag?post=8506"}],"curies":[{"name":"wp","href":"https:\/\/api.w.org\/{rel}","templated":true}]}}