{"id":8528,"date":"2023-11-20T14:31:26","date_gmt":"2023-11-20T19:31:26","guid":{"rendered":"https:\/\/rygsac.com\/?post_type=product&#038;p=8528"},"modified":"2024-07-27T15:33:56","modified_gmt":"2024-07-27T15:33:56","slug":"mangas-protectoras-descartable-sms-paquete-x-10-bolsas","status":"publish","type":"product","link":"https:\/\/rygsac.com\/en\/product\/mangas-protectoras-descartable-sms-paquete-x-10-bolsas\/","title":{"rendered":"Mangas Protectoras descartable SMS &#8211; Paquete x 10 bolsas"},"content":{"rendered":"<p>Mangas protectoras descartables, con el\u00e1sticos para un mayor ajuste en la mu\u00f1eca y el codo, ambidiestras, flexibles, c\u00f3modas, manejables y de un solo uso.<\/p>\n","protected":false},"excerpt":{"rendered":"<p>Impide la transferencia de agentes contaminantes<\/p>\n<p><strong>Funciones espec\u00edficas<\/strong><\/p>\n<ul>\n<li>Con doble el\u00e1stico en la mu\u00f1eca y codo<\/li>\n<li>Brindan protecci\u00f3n contra salpicaduras<\/li>\n<li>Flexibles, c\u00f3modas e impermeables<\/li>\n<\/ul>\n<p>&nbsp;<\/p>\n","protected":false},"featured_media":4408,"template":"","meta":[],"product_cat":[738],"product_tag":[],"_links":{"self":[{"href":"https:\/\/rygsac.com\/en\/wp-json\/wp\/v2\/product\/8528"}],"collection":[{"href":"https:\/\/rygsac.com\/en\/wp-json\/wp\/v2\/product"}],"about":[{"href":"https:\/\/rygsac.com\/en\/wp-json\/wp\/v2\/types\/product"}],"version-history":[{"count":1,"href":"https:\/\/rygsac.com\/en\/wp-json\/wp\/v2\/product\/8528\/revisions"}],"predecessor-version":[{"id":8533,"href":"https:\/\/rygsac.com\/en\/wp-json\/wp\/v2\/product\/8528\/revisions\/8533"}],"wp:featuredmedia":[{"embeddable":true,"href":"https:\/\/rygsac.com\/en\/wp-json\/wp\/v2\/media\/4408"}],"wp:attachment":[{"href":"https:\/\/rygsac.com\/en\/wp-json\/wp\/v2\/media?parent=8528"}],"wp:term":[{"taxonomy":"product_cat","embeddable":true,"href":"https:\/\/rygsac.com\/en\/wp-json\/wp\/v2\/product_cat?post=8528"},{"taxonomy":"product_tag","embeddable":true,"href":"https:\/\/rygsac.com\/en\/wp-json\/wp\/v2\/product_tag?post=8528"}],"curies":[{"name":"wp","href":"https:\/\/api.w.org\/{rel}","templated":true}]}}