{"id":8599,"date":"2023-11-20T16:03:22","date_gmt":"2023-11-20T21:03:22","guid":{"rendered":"https:\/\/rygsac.com\/?post_type=product&#038;p=8599"},"modified":"2024-07-27T15:33:55","modified_gmt":"2024-07-27T15:33:55","slug":"toca-tipo-tira-descartable-paquete-x-10-display","status":"publish","type":"product","link":"https:\/\/rygsac.com\/en\/product\/toca-tipo-tira-descartable-paquete-x-10-display\/","title":{"rendered":"Toca Tipo Tira descartable &#8211; Paquete x 10 display"},"content":{"rendered":"<p>Toca tipo tira descartable con el\u00e1stico en el borde que brinda buen ajuste y cobertura total del cabello, cumple con la funci\u00f3n de evitar que el cabello entre en contacto con el producto, su dise\u00f1o impide la transferencia de agentes contaminantes f\u00edsicos.<\/p>\n","protected":false},"excerpt":{"rendered":"<p>Su dise\u00f1o impide la transferencia de agentes contaminantes<\/p>\n<p><strong>Funciones espec\u00edficas<\/strong><\/p>\n<ul>\n<li>Con el\u00e1stico de dos ligas en el borde<\/li>\n<li>Perfecta ventilaci\u00f3n<\/li>\n<li>Repelencia a l\u00edquidos<\/li>\n<li>Apto para el contacto alimentario<\/li>\n<\/ul>\n<p>&nbsp;<\/p>\n","protected":false},"featured_media":8217,"template":"","meta":[],"product_cat":[738],"product_tag":[],"_links":{"self":[{"href":"https:\/\/rygsac.com\/en\/wp-json\/wp\/v2\/product\/8599"}],"collection":[{"href":"https:\/\/rygsac.com\/en\/wp-json\/wp\/v2\/product"}],"about":[{"href":"https:\/\/rygsac.com\/en\/wp-json\/wp\/v2\/types\/product"}],"version-history":[{"count":2,"href":"https:\/\/rygsac.com\/en\/wp-json\/wp\/v2\/product\/8599\/revisions"}],"predecessor-version":[{"id":9233,"href":"https:\/\/rygsac.com\/en\/wp-json\/wp\/v2\/product\/8599\/revisions\/9233"}],"wp:featuredmedia":[{"embeddable":true,"href":"https:\/\/rygsac.com\/en\/wp-json\/wp\/v2\/media\/8217"}],"wp:attachment":[{"href":"https:\/\/rygsac.com\/en\/wp-json\/wp\/v2\/media?parent=8599"}],"wp:term":[{"taxonomy":"product_cat","embeddable":true,"href":"https:\/\/rygsac.com\/en\/wp-json\/wp\/v2\/product_cat?post=8599"},{"taxonomy":"product_tag","embeddable":true,"href":"https:\/\/rygsac.com\/en\/wp-json\/wp\/v2\/product_tag?post=8599"}],"curies":[{"name":"wp","href":"https:\/\/api.w.org\/{rel}","templated":true}]}}