{"id":8607,"date":"2023-11-20T16:06:19","date_gmt":"2023-11-20T21:06:19","guid":{"rendered":"https:\/\/rygsac.com\/?post_type=product&#038;p=8607"},"modified":"2024-07-27T15:33:55","modified_gmt":"2024-07-27T15:33:55","slug":"mascarilla-quirurgica-tipo-iir-nivel-2-empaque-individual-cajon-x-36-displays","status":"publish","type":"product","link":"https:\/\/rygsac.com\/en\/product\/mascarilla-quirurgica-tipo-iir-nivel-2-empaque-individual-cajon-x-36-displays\/","title":{"rendered":"Mascarilla quir\u00fargica tipo IIR \/ Nivel 2 Empaque Individual &#8211; Caj\u00f3n x 36 displays"},"content":{"rendered":"<p>Mascarilla quir\u00fargica tipo IIR, con 3 pliegues, elaborada con tres capas de tela no tejida de polipropileno, la capa intermedia la conforma un filtro de alto rendimiento. Con el\u00e1stico de sujeci\u00f3n en ambos lados y moldura nasal met\u00e1lica con recubrimiento de pl\u00e1stico, moldeable ergon\u00f3mica, ubicada en el borde superior de la mascarilla, protegida para no lesionar la piel ni producir incomodidad y destinada a minimizar los contactos infecciosos.<br \/>\nSu empaque individual permite una mejor conservaci\u00f3n de la mascarilla y asegura la protecci\u00f3n de la mascarilla previo a su uso y\/o comercializaci\u00f3n.<\/p>\n","protected":false},"excerpt":{"rendered":"<p>Mascarilla plana descartable tres pliegues<\/p>\n<p><strong>Funciones espec\u00edficas<\/strong><\/p>\n<ul>\n<li>Eficiencia de filtraci\u00f3n bacteriana &gt;99%<\/li>\n<li>Con moldura nasal ergon\u00f3mica<\/li>\n<li>Perfecta ventilaci\u00f3n y resistencia<\/li>\n<li>No t\u00f3xico, hipoalerg\u00e9nico, libre de l\u00e1tex<\/li>\n<\/ul>\n<p>&nbsp;<\/p>\n","protected":false},"featured_media":4303,"template":"","meta":[],"product_cat":[738],"product_tag":[],"_links":{"self":[{"href":"https:\/\/rygsac.com\/en\/wp-json\/wp\/v2\/product\/8607"}],"collection":[{"href":"https:\/\/rygsac.com\/en\/wp-json\/wp\/v2\/product"}],"about":[{"href":"https:\/\/rygsac.com\/en\/wp-json\/wp\/v2\/types\/product"}],"version-history":[{"count":1,"href":"https:\/\/rygsac.com\/en\/wp-json\/wp\/v2\/product\/8607\/revisions"}],"predecessor-version":[{"id":8612,"href":"https:\/\/rygsac.com\/en\/wp-json\/wp\/v2\/product\/8607\/revisions\/8612"}],"wp:featuredmedia":[{"embeddable":true,"href":"https:\/\/rygsac.com\/en\/wp-json\/wp\/v2\/media\/4303"}],"wp:attachment":[{"href":"https:\/\/rygsac.com\/en\/wp-json\/wp\/v2\/media?parent=8607"}],"wp:term":[{"taxonomy":"product_cat","embeddable":true,"href":"https:\/\/rygsac.com\/en\/wp-json\/wp\/v2\/product_cat?post=8607"},{"taxonomy":"product_tag","embeddable":true,"href":"https:\/\/rygsac.com\/en\/wp-json\/wp\/v2\/product_tag?post=8607"}],"curies":[{"name":"wp","href":"https:\/\/api.w.org\/{rel}","templated":true}]}}