{"id":8614,"date":"2023-11-20T16:09:48","date_gmt":"2023-11-20T21:09:48","guid":{"rendered":"https:\/\/rygsac.com\/?post_type=product&#038;p=8614"},"modified":"2024-07-27T15:33:55","modified_gmt":"2024-07-27T15:33:55","slug":"mascarilla-plana-descartable-con-tiras-cajon-x-40-displays","status":"publish","type":"product","link":"https:\/\/rygsac.com\/en\/product\/mascarilla-plana-descartable-con-tiras-cajon-x-40-displays\/","title":{"rendered":"Mascarilla Plana Descartable con Tiras &#8211; Caj\u00f3n x 40 displays"},"content":{"rendered":"<p>Mascarilla plana descartable, con 3 pliegues, elaborada con tres capas de tela no tejida de polipropileno, la capa intermedia la conforma un filtro de alto rendimiento. Con tiras de sujeci\u00f3n en ambos lados y moldura nasal de pl\u00e1stico moldeable ergon\u00f3mica, ubicada en el borde superior de la mascarilla, protegida para no lesionar la piel ni producir incomodidad y destinada a minimizar los contactos infecciosos.<\/p>\n","protected":false},"excerpt":{"rendered":"<p>Mascarilla plana descartable tres pliegues<\/p>\n<p><strong>Funciones espec\u00edficas<\/strong><\/p>\n<ul>\n<li>Eficiencia de filtraci\u00f3n bacteriana &gt;99%<\/li>\n<\/ul>\n<ul>\n<li>Con moldura nasal ergon\u00f3mica<\/li>\n<\/ul>\n<ul>\n<li>Perfecta ventilaci\u00f3n y resistencia<\/li>\n<\/ul>\n<ul>\n<li>No t\u00f3xico, hipoalerg\u00e9nico, libre de l\u00e1tex<\/li>\n<\/ul>\n","protected":false},"featured_media":4305,"template":"","meta":[],"product_cat":[738],"product_tag":[],"_links":{"self":[{"href":"https:\/\/rygsac.com\/en\/wp-json\/wp\/v2\/product\/8614"}],"collection":[{"href":"https:\/\/rygsac.com\/en\/wp-json\/wp\/v2\/product"}],"about":[{"href":"https:\/\/rygsac.com\/en\/wp-json\/wp\/v2\/types\/product"}],"version-history":[{"count":1,"href":"https:\/\/rygsac.com\/en\/wp-json\/wp\/v2\/product\/8614\/revisions"}],"predecessor-version":[{"id":8630,"href":"https:\/\/rygsac.com\/en\/wp-json\/wp\/v2\/product\/8614\/revisions\/8630"}],"wp:featuredmedia":[{"embeddable":true,"href":"https:\/\/rygsac.com\/en\/wp-json\/wp\/v2\/media\/4305"}],"wp:attachment":[{"href":"https:\/\/rygsac.com\/en\/wp-json\/wp\/v2\/media?parent=8614"}],"wp:term":[{"taxonomy":"product_cat","embeddable":true,"href":"https:\/\/rygsac.com\/en\/wp-json\/wp\/v2\/product_cat?post=8614"},{"taxonomy":"product_tag","embeddable":true,"href":"https:\/\/rygsac.com\/en\/wp-json\/wp\/v2\/product_tag?post=8614"}],"curies":[{"name":"wp","href":"https:\/\/api.w.org\/{rel}","templated":true}]}}