{"id":8633,"date":"2023-11-20T16:16:19","date_gmt":"2023-11-20T21:16:19","guid":{"rendered":"https:\/\/rygsac.com\/?post_type=product&#038;p=8633"},"modified":"2024-07-27T15:33:54","modified_gmt":"2024-07-27T15:33:54","slug":"guantes-de-vinilo-cajon-x-10-displays","status":"publish","type":"product","link":"https:\/\/rygsac.com\/en\/product\/guantes-de-vinilo-cajon-x-10-displays\/","title":{"rendered":"Guantes de Vinilo &#8211; Caj\u00f3n x 10 displays"},"content":{"rendered":"<p>Guantes de examen de un solo uso, con superficie lisa, no est\u00e9ril, libre de polvo, sin olor extra\u00f1o, son muy flexibles y livianos al peso, ambidiestros<\/p>\n","protected":false},"excerpt":{"rendered":"<p>Guantes de Examen libres de polvo<\/p>\n<p><strong>Funciones espec\u00edficas<\/strong><\/p>\n<ul>\n<li>Ambidiestros, no est\u00e9ril<\/li>\n<li>Superficie lisa, pu\u00f1o enrollado<\/li>\n<li>No producen problemas al\u00e9rgicos<\/li>\n<li>Excelente deslizamiento<\/li>\n<\/ul>\n<p>&nbsp;<\/p>\n","protected":false},"featured_media":4276,"template":"","meta":[],"product_cat":[738],"product_tag":[],"_links":{"self":[{"href":"https:\/\/rygsac.com\/en\/wp-json\/wp\/v2\/product\/8633"}],"collection":[{"href":"https:\/\/rygsac.com\/en\/wp-json\/wp\/v2\/product"}],"about":[{"href":"https:\/\/rygsac.com\/en\/wp-json\/wp\/v2\/types\/product"}],"version-history":[{"count":1,"href":"https:\/\/rygsac.com\/en\/wp-json\/wp\/v2\/product\/8633\/revisions"}],"predecessor-version":[{"id":8654,"href":"https:\/\/rygsac.com\/en\/wp-json\/wp\/v2\/product\/8633\/revisions\/8654"}],"wp:featuredmedia":[{"embeddable":true,"href":"https:\/\/rygsac.com\/en\/wp-json\/wp\/v2\/media\/4276"}],"wp:attachment":[{"href":"https:\/\/rygsac.com\/en\/wp-json\/wp\/v2\/media?parent=8633"}],"wp:term":[{"taxonomy":"product_cat","embeddable":true,"href":"https:\/\/rygsac.com\/en\/wp-json\/wp\/v2\/product_cat?post=8633"},{"taxonomy":"product_tag","embeddable":true,"href":"https:\/\/rygsac.com\/en\/wp-json\/wp\/v2\/product_tag?post=8633"}],"curies":[{"name":"wp","href":"https:\/\/api.w.org\/{rel}","templated":true}]}}