{"id":8640,"date":"2023-11-20T16:16:23","date_gmt":"2023-11-20T21:16:23","guid":{"rendered":"https:\/\/rygsac.com\/?post_type=product&#038;p=8640"},"modified":"2024-08-02T20:41:12","modified_gmt":"2024-08-02T20:41:12","slug":"guantes-de-latex-ligeramente-empolvado-cajon-x-10-displays","status":"publish","type":"product","link":"https:\/\/rygsac.com\/en\/product\/guantes-de-latex-ligeramente-empolvado-cajon-x-10-displays\/","title":{"rendered":"Guantes de L\u00e1tex Ligeramente Empolvado &#8211; Caj\u00f3n x 10 displays"},"content":{"rendered":"<p>Guantes de examen de un solo uso, ambidiestros con superficie lisa, pu\u00f1o enrollado, ligeramente empolvado y no est\u00e9ril. Brindan protecci\u00f3n contra sustancias no deseadas o peligrosas, son de f\u00e1cil colocaci\u00f3n, ajustables y confortables. Su dise\u00f1o contribuye a evitar que se salgan o se enrollen.<\/p>\n","protected":false},"excerpt":{"rendered":"<p>Guantes de L\u00e1tex Ligeramente Empolvado<\/p>\n<p><strong>Funciones espec\u00edficas<\/strong><\/p>\n<ul>\n<li>Ambidiestros, no est\u00e9ril<\/li>\n<li>Superficie lisa, pu\u00f1o enrollado<\/li>\n<li>Buena elasticidad y alto confort<\/li>\n<li>No se enrollan<\/li>\n<\/ul>\n<p>&nbsp;<\/p>\n","protected":false},"featured_media":1230,"template":"","meta":[],"product_cat":[738],"product_tag":[],"_links":{"self":[{"href":"https:\/\/rygsac.com\/en\/wp-json\/wp\/v2\/product\/8640"}],"collection":[{"href":"https:\/\/rygsac.com\/en\/wp-json\/wp\/v2\/product"}],"about":[{"href":"https:\/\/rygsac.com\/en\/wp-json\/wp\/v2\/types\/product"}],"version-history":[{"count":2,"href":"https:\/\/rygsac.com\/en\/wp-json\/wp\/v2\/product\/8640\/revisions"}],"predecessor-version":[{"id":9217,"href":"https:\/\/rygsac.com\/en\/wp-json\/wp\/v2\/product\/8640\/revisions\/9217"}],"wp:featuredmedia":[{"embeddable":true,"href":"https:\/\/rygsac.com\/en\/wp-json\/wp\/v2\/media\/1230"}],"wp:attachment":[{"href":"https:\/\/rygsac.com\/en\/wp-json\/wp\/v2\/media?parent=8640"}],"wp:term":[{"taxonomy":"product_cat","embeddable":true,"href":"https:\/\/rygsac.com\/en\/wp-json\/wp\/v2\/product_cat?post=8640"},{"taxonomy":"product_tag","embeddable":true,"href":"https:\/\/rygsac.com\/en\/wp-json\/wp\/v2\/product_tag?post=8640"}],"curies":[{"name":"wp","href":"https:\/\/api.w.org\/{rel}","templated":true}]}}