{"id":8661,"date":"2023-11-20T16:27:22","date_gmt":"2023-11-20T21:27:22","guid":{"rendered":"https:\/\/rygsac.com\/?post_type=product&#038;p=8661"},"modified":"2024-07-27T15:33:54","modified_gmt":"2024-07-27T15:33:54","slug":"mandil-descartable-no-esteril-sms-40-gramos-cajon-x-50-unidades","status":"publish","type":"product","link":"https:\/\/rygsac.com\/en\/product\/mandil-descartable-no-esteril-sms-40-gramos-cajon-x-50-unidades\/","title":{"rendered":"Mandil descartable no est\u00e9ril SMS 40 gramos &#8211; Caj\u00f3n x 50 unidades"},"content":{"rendered":"<p>Mandil descartable no est\u00e9ril largo (nivel por debajo de las rodillas), con cuello redondo con cinta de doble doblez (2 tiras de ajuste), espalda con abertura longitudinal, totalmente cruzada y traslape posterior, doble amarre interno y externo a la altura de la cintura (2 tiras de ajuste interno y 2 tiras de ajuste externo), con uniones termoselladas y\/o cosidas, de mangas largas con pu\u00f1os tipo RIB para una mayor sujeci\u00f3n y protecci\u00f3n, no tiene bolsillos, no trasl\u00facido (opacidad) y fresco.<\/p>\n","protected":false},"excerpt":{"rendered":"<p>Excelente barrera as\u00e9ptica<\/p>\n<p><strong>Funciones espec\u00edficas<\/strong><\/p>\n<ul>\n<li>Mandil descartable con 6 amarres.<\/li>\n<li>Con uniones termoselladas<\/li>\n<li>No trasl\u00facido y fresco<\/li>\n<li>Hipoal\u00e9rgenico, hermorrepelente y at\u00f3xico<\/li>\n<\/ul>\n<p>&nbsp;<\/p>\n","protected":false},"featured_media":4355,"template":"","meta":[],"product_cat":[738],"product_tag":[],"_links":{"self":[{"href":"https:\/\/rygsac.com\/en\/wp-json\/wp\/v2\/product\/8661"}],"collection":[{"href":"https:\/\/rygsac.com\/en\/wp-json\/wp\/v2\/product"}],"about":[{"href":"https:\/\/rygsac.com\/en\/wp-json\/wp\/v2\/types\/product"}],"version-history":[{"count":1,"href":"https:\/\/rygsac.com\/en\/wp-json\/wp\/v2\/product\/8661\/revisions"}],"predecessor-version":[{"id":8700,"href":"https:\/\/rygsac.com\/en\/wp-json\/wp\/v2\/product\/8661\/revisions\/8700"}],"wp:featuredmedia":[{"embeddable":true,"href":"https:\/\/rygsac.com\/en\/wp-json\/wp\/v2\/media\/4355"}],"wp:attachment":[{"href":"https:\/\/rygsac.com\/en\/wp-json\/wp\/v2\/media?parent=8661"}],"wp:term":[{"taxonomy":"product_cat","embeddable":true,"href":"https:\/\/rygsac.com\/en\/wp-json\/wp\/v2\/product_cat?post=8661"},{"taxonomy":"product_tag","embeddable":true,"href":"https:\/\/rygsac.com\/en\/wp-json\/wp\/v2\/product_tag?post=8661"}],"curies":[{"name":"wp","href":"https:\/\/api.w.org\/{rel}","templated":true}]}}