{"id":8703,"date":"2023-11-20T16:37:38","date_gmt":"2023-11-20T21:37:38","guid":{"rendered":"https:\/\/rygsac.com\/?post_type=product&#038;p=8703"},"modified":"2024-07-27T15:33:54","modified_gmt":"2024-07-27T15:33:54","slug":"mandilon-simple-descartable-20-g-celeste-cajon-x-100-unidades","status":"publish","type":"product","link":"https:\/\/rygsac.com\/en\/product\/mandilon-simple-descartable-20-g-celeste-cajon-x-100-unidades\/","title":{"rendered":"Mandil\u00f3n Simple descartable 20 g celeste &#8211; Caj\u00f3n x 100 unidades"},"content":{"rendered":"<p>Mandil\u00f3n simple descartable largo (nivel por debajo de las rodillas), con cuello redondo, con amarre posterior con 02 lazos en el cuello y 02 lazos en la parte delantera, con uniones termoselladas, no tiene bolsillos, de manga larga con el\u00e1stico en las mu\u00f1ecas para un mayor ajuste y protecci\u00f3n.<\/p>\n","protected":false},"excerpt":{"rendered":"<p>Excelente barrera as\u00e9ptica<\/p>\n<p><strong>Funciones espec\u00edficas<\/strong><\/p>\n<ul>\n<li>Amarre con 2 lazos en el cuello y delantera<\/li>\n<li>Manga larga con el\u00e1stico<\/li>\n<li>Antial\u00e9rgico, repelente a l\u00edquidos<\/li>\n<li>No se deshilacha ni despeluza<\/li>\n<\/ul>\n<p>&nbsp;<\/p>\n","protected":false},"featured_media":8265,"template":"","meta":[],"product_cat":[738],"product_tag":[],"_links":{"self":[{"href":"https:\/\/rygsac.com\/en\/wp-json\/wp\/v2\/product\/8703"}],"collection":[{"href":"https:\/\/rygsac.com\/en\/wp-json\/wp\/v2\/product"}],"about":[{"href":"https:\/\/rygsac.com\/en\/wp-json\/wp\/v2\/types\/product"}],"version-history":[{"count":1,"href":"https:\/\/rygsac.com\/en\/wp-json\/wp\/v2\/product\/8703\/revisions"}],"predecessor-version":[{"id":8706,"href":"https:\/\/rygsac.com\/en\/wp-json\/wp\/v2\/product\/8703\/revisions\/8706"}],"wp:featuredmedia":[{"embeddable":true,"href":"https:\/\/rygsac.com\/en\/wp-json\/wp\/v2\/media\/8265"}],"wp:attachment":[{"href":"https:\/\/rygsac.com\/en\/wp-json\/wp\/v2\/media?parent=8703"}],"wp:term":[{"taxonomy":"product_cat","embeddable":true,"href":"https:\/\/rygsac.com\/en\/wp-json\/wp\/v2\/product_cat?post=8703"},{"taxonomy":"product_tag","embeddable":true,"href":"https:\/\/rygsac.com\/en\/wp-json\/wp\/v2\/product_tag?post=8703"}],"curies":[{"name":"wp","href":"https:\/\/api.w.org\/{rel}","templated":true}]}}