{"id":8709,"date":"2023-11-20T16:42:45","date_gmt":"2023-11-20T21:42:45","guid":{"rendered":"https:\/\/rygsac.com\/?post_type=product&#038;p=8709"},"modified":"2024-07-27T15:33:54","modified_gmt":"2024-07-27T15:33:54","slug":"mascarilla-descartable-para-ninos-cajon-x-48-displays","status":"publish","type":"product","link":"https:\/\/rygsac.com\/en\/product\/mascarilla-descartable-para-ninos-cajon-x-48-displays\/","title":{"rendered":"Mascarilla descartable para ni\u00f1os &#8211; Caj\u00f3n x 48 displays"},"content":{"rendered":"<p>Mascarilla plana para ni\u00f1os descartable, con 3 pliegues, elaborada con tres capas de tela no tejida de polipropileno, la capa intermedia la conforma un filtro de alto rendimiento. Con el\u00e1stico de sujeci\u00f3n en ambos lados y moldura nasal ergon\u00f3mica, ubicada en el borde superior de la mascarilla, protegida para no lesionar la piel ni producir incomodidad y destinada a minimizar los contactos infecciosos.<\/p>\n","protected":false},"excerpt":{"rendered":"<p><strong>Funciones espec\u00edficas<\/strong><\/p>\n<ul>\n<li>Eficiencia de filtraci\u00f3n bacteriaba &gt;99%<\/li>\n<\/ul>\n<ul>\n<li>Con moldura nasal ergon\u00f3mica<\/li>\n<\/ul>\n<ul>\n<li>Perfecta ventilanci\u00f3n y resistencia<\/li>\n<\/ul>\n","protected":false},"featured_media":8257,"template":"","meta":[],"product_cat":[738],"product_tag":[],"_links":{"self":[{"href":"https:\/\/rygsac.com\/en\/wp-json\/wp\/v2\/product\/8709"}],"collection":[{"href":"https:\/\/rygsac.com\/en\/wp-json\/wp\/v2\/product"}],"about":[{"href":"https:\/\/rygsac.com\/en\/wp-json\/wp\/v2\/types\/product"}],"version-history":[{"count":2,"href":"https:\/\/rygsac.com\/en\/wp-json\/wp\/v2\/product\/8709\/revisions"}],"predecessor-version":[{"id":8819,"href":"https:\/\/rygsac.com\/en\/wp-json\/wp\/v2\/product\/8709\/revisions\/8819"}],"wp:featuredmedia":[{"embeddable":true,"href":"https:\/\/rygsac.com\/en\/wp-json\/wp\/v2\/media\/8257"}],"wp:attachment":[{"href":"https:\/\/rygsac.com\/en\/wp-json\/wp\/v2\/media?parent=8709"}],"wp:term":[{"taxonomy":"product_cat","embeddable":true,"href":"https:\/\/rygsac.com\/en\/wp-json\/wp\/v2\/product_cat?post=8709"},{"taxonomy":"product_tag","embeddable":true,"href":"https:\/\/rygsac.com\/en\/wp-json\/wp\/v2\/product_tag?post=8709"}],"curies":[{"name":"wp","href":"https:\/\/api.w.org\/{rel}","templated":true}]}}