{"id":8718,"date":"2023-11-20T16:46:06","date_gmt":"2023-11-20T21:46:06","guid":{"rendered":"https:\/\/rygsac.com\/?post_type=product&#038;p=8718"},"modified":"2024-07-27T15:33:53","modified_gmt":"2024-07-27T15:33:53","slug":"mangas-protectoras-descartables-biodegradable-paquete-x-10-bolsas","status":"publish","type":"product","link":"https:\/\/rygsac.com\/en\/product\/mangas-protectoras-descartables-biodegradable-paquete-x-10-bolsas\/","title":{"rendered":"Mangas Protectoras descartables biodegradable &#8211; Paquete x 10 bolsas"},"content":{"rendered":"<p>Mangas protectoras descartables, con el\u00e1stico para un mayor ajuste en la mu\u00f1eca y el codo, brindan protecci\u00f3n contra salpicaduras de fluidos y s\u00f3lidos, usados como barrera f\u00edsica para evitar la transferencia de agentes contaminantes.<\/p>\n","protected":false},"excerpt":{"rendered":"<p>Impide la transferencia de agentes contaminantes<\/p>\n<p><strong>Funciones espec\u00edficas<\/strong><\/p>\n<ul>\n<li>Con tecnolog\u00eda d2w (BIODEGRADABLE)<\/li>\n<li>Con doble el\u00e1stico en la mu\u00f1eca y codo<\/li>\n<li>Brindan protecci\u00f3n contra salpicaduras<\/li>\n<li>Flexibles, c\u00f3modas e impermeables<\/li>\n<\/ul>\n<p>&nbsp;<\/p>\n","protected":false},"featured_media":2565,"template":"","meta":[],"product_cat":[738],"product_tag":[],"_links":{"self":[{"href":"https:\/\/rygsac.com\/en\/wp-json\/wp\/v2\/product\/8718"}],"collection":[{"href":"https:\/\/rygsac.com\/en\/wp-json\/wp\/v2\/product"}],"about":[{"href":"https:\/\/rygsac.com\/en\/wp-json\/wp\/v2\/types\/product"}],"version-history":[{"count":2,"href":"https:\/\/rygsac.com\/en\/wp-json\/wp\/v2\/product\/8718\/revisions"}],"predecessor-version":[{"id":9221,"href":"https:\/\/rygsac.com\/en\/wp-json\/wp\/v2\/product\/8718\/revisions\/9221"}],"wp:featuredmedia":[{"embeddable":true,"href":"https:\/\/rygsac.com\/en\/wp-json\/wp\/v2\/media\/2565"}],"wp:attachment":[{"href":"https:\/\/rygsac.com\/en\/wp-json\/wp\/v2\/media?parent=8718"}],"wp:term":[{"taxonomy":"product_cat","embeddable":true,"href":"https:\/\/rygsac.com\/en\/wp-json\/wp\/v2\/product_cat?post=8718"},{"taxonomy":"product_tag","embeddable":true,"href":"https:\/\/rygsac.com\/en\/wp-json\/wp\/v2\/product_tag?post=8718"}],"curies":[{"name":"wp","href":"https:\/\/api.w.org\/{rel}","templated":true}]}}