{"id":8741,"date":"2023-11-20T16:54:08","date_gmt":"2023-11-20T21:54:08","guid":{"rendered":"https:\/\/rygsac.com\/?post_type=product&#038;p=8741"},"modified":"2024-07-27T15:33:53","modified_gmt":"2024-07-27T15:33:53","slug":"respirador-tipo-c-n95-4-capas-cajon-x-16-displays","status":"publish","type":"product","link":"https:\/\/rygsac.com\/en\/product\/respirador-tipo-c-n95-4-capas-cajon-x-16-displays\/","title":{"rendered":"Respirador Tipo C N95 (4 CAPAS) &#8211; Caj\u00f3n x 16 displays"},"content":{"rendered":"<p>El respirador libre de mantenimiento brinda una efectiva, confortable e higi\u00e9nica protecci\u00f3n respiratoria contra part\u00edculas s\u00f3lidas y l\u00edquidas sin aceite. Su dise\u00f1o Tipo C es anat\u00f3mico y no dificulta la respiraci\u00f3n normal, facilitando el uso de anteojos.<\/p>\n","protected":false},"excerpt":{"rendered":"<p id=\"tw-target-text\" class=\"tw-data-text tw-text-large tw-ta\" dir=\"ltr\" data-placeholder=\"Traducci\u00f3n\" data-ved=\"2ahUKEwiUk92RmcmCAxW0NTUKHTWEDOAQ3ewLegQIBhAQ\"><span class=\"Y2IQFc\" lang=\"es\">Dise\u00f1o anat\u00f3mico, garantiza protecci\u00f3n y seguridad.<\/span><\/p>\n<p id=\"tw-target-text\" class=\"tw-data-text tw-text-large tw-ta\" dir=\"ltr\" data-placeholder=\"Traducci\u00f3n\" data-ved=\"2ahUKEwiUk92RmcmCAxW0NTUKHTWEDOAQ3ewLegQIBhAQ\"><strong><span class=\"Y2IQFc\" lang=\"es\">Funciones espec\u00edficas<\/span><\/strong><\/p>\n<ul>\n<li><span class=\"Y2IQFc\" lang=\"es\">Fusi\u00f3n de tejidos con sellado por ultrasonidos.<\/span><\/li>\n<li>\n<p id=\"tw-target-text\" class=\"tw-data-text tw-text-large tw-ta\" dir=\"ltr\" data-placeholder=\"Traducci\u00f3n\" data-ved=\"2ahUKEwiUk92RmcmCAxW0NTUKHTWEDOAQ3ewLegQIBhAQ\"><span class=\"Y2IQFc\" lang=\"es\">Moldura de nariz de pl\u00e1stico con dos filamentos met\u00e1licos.<\/span><\/p>\n<\/li>\n<li>\n<p id=\"tw-target-text\" class=\"tw-data-text tw-text-large tw-ta\" dir=\"ltr\" data-placeholder=\"Traducci\u00f3n\" data-ved=\"2ahUKEwiUk92RmcmCAxW0NTUKHTWEDOAQ3ewLegQIBhAQ\"><span class=\"Y2IQFc\" lang=\"es\">Minimizar los contactos infecciosos.<\/span><\/p>\n<\/li>\n<li>\n<p id=\"tw-target-text\" class=\"tw-data-text tw-text-large tw-ta\" dir=\"ltr\" data-placeholder=\"Traducci\u00f3n\" data-ved=\"2ahUKEwiUk92RmcmCAxW0NTUKHTWEDOAQ3ewLegQIBhAQ\"><span class=\"Y2IQFc\" lang=\"es\">Alta eficiencia de filtraci\u00f3n de part\u00edculas.<\/span><\/p>\n<\/li>\n<\/ul>\n","protected":false},"featured_media":2500,"template":"","meta":[],"product_cat":[738],"product_tag":[],"_links":{"self":[{"href":"https:\/\/rygsac.com\/en\/wp-json\/wp\/v2\/product\/8741"}],"collection":[{"href":"https:\/\/rygsac.com\/en\/wp-json\/wp\/v2\/product"}],"about":[{"href":"https:\/\/rygsac.com\/en\/wp-json\/wp\/v2\/types\/product"}],"version-history":[{"count":1,"href":"https:\/\/rygsac.com\/en\/wp-json\/wp\/v2\/product\/8741\/revisions"}],"predecessor-version":[{"id":8744,"href":"https:\/\/rygsac.com\/en\/wp-json\/wp\/v2\/product\/8741\/revisions\/8744"}],"wp:featuredmedia":[{"embeddable":true,"href":"https:\/\/rygsac.com\/en\/wp-json\/wp\/v2\/media\/2500"}],"wp:attachment":[{"href":"https:\/\/rygsac.com\/en\/wp-json\/wp\/v2\/media?parent=8741"}],"wp:term":[{"taxonomy":"product_cat","embeddable":true,"href":"https:\/\/rygsac.com\/en\/wp-json\/wp\/v2\/product_cat?post=8741"},{"taxonomy":"product_tag","embeddable":true,"href":"https:\/\/rygsac.com\/en\/wp-json\/wp\/v2\/product_tag?post=8741"}],"curies":[{"name":"wp","href":"https:\/\/api.w.org\/{rel}","templated":true}]}}