{"id":8785,"date":"2023-11-21T14:47:09","date_gmt":"2023-11-21T19:47:09","guid":{"rendered":"https:\/\/rygsac.com\/?post_type=product&#038;p=8785"},"modified":"2024-07-27T15:33:53","modified_gmt":"2024-07-27T15:33:53","slug":"conjunto-de-enfermero-descartable-chaqueta-y-pantalon-cajon-x-50-unidades","status":"publish","type":"product","link":"https:\/\/rygsac.com\/en\/product\/conjunto-de-enfermero-descartable-chaqueta-y-pantalon-cajon-x-50-unidades\/","title":{"rendered":"Conjunto de Enfermero descartable chaqueta y pantal\u00f3n &#8211; Caj\u00f3n x 50 unidades"},"content":{"rendered":"<p>El conjunto para enfermero est\u00e1 conformado por chaqueta y pantal\u00f3n. La chaqueta tiene cuello tipo V y el pantal\u00f3n es llano y cuenta con el\u00e1stico en la cintura para un buen ajuste, con uniones cosidas y\/o termoselladas. El conjunto es liviano, es fresco, resistente a la ruptura y no trasl\u00facido (opacidad).<\/p>\n","protected":false},"excerpt":{"rendered":"<p>Conformado por una chaqueta y pantal\u00f3n<\/p>\n<p><strong>Funciones espec\u00edficas<\/strong><\/p>\n<ul>\n<li>Cuenta con el\u00e1stico en la cintura<\/li>\n<li>Conjunto liviano, fresco no trasl\u00facido<\/li>\n<li>Resistente a la ruptura<\/li>\n<li>Excelente elongaci\u00f3n<\/li>\n<\/ul>\n<p>&nbsp;<\/p>\n","protected":false},"featured_media":4364,"template":"","meta":[],"product_cat":[738],"product_tag":[],"_links":{"self":[{"href":"https:\/\/rygsac.com\/en\/wp-json\/wp\/v2\/product\/8785"}],"collection":[{"href":"https:\/\/rygsac.com\/en\/wp-json\/wp\/v2\/product"}],"about":[{"href":"https:\/\/rygsac.com\/en\/wp-json\/wp\/v2\/types\/product"}],"version-history":[{"count":3,"href":"https:\/\/rygsac.com\/en\/wp-json\/wp\/v2\/product\/8785\/revisions"}],"predecessor-version":[{"id":8800,"href":"https:\/\/rygsac.com\/en\/wp-json\/wp\/v2\/product\/8785\/revisions\/8800"}],"wp:featuredmedia":[{"embeddable":true,"href":"https:\/\/rygsac.com\/en\/wp-json\/wp\/v2\/media\/4364"}],"wp:attachment":[{"href":"https:\/\/rygsac.com\/en\/wp-json\/wp\/v2\/media?parent=8785"}],"wp:term":[{"taxonomy":"product_cat","embeddable":true,"href":"https:\/\/rygsac.com\/en\/wp-json\/wp\/v2\/product_cat?post=8785"},{"taxonomy":"product_tag","embeddable":true,"href":"https:\/\/rygsac.com\/en\/wp-json\/wp\/v2\/product_tag?post=8785"}],"curies":[{"name":"wp","href":"https:\/\/api.w.org\/{rel}","templated":true}]}}